{"id":14,"date":"2019-10-24T20:15:02","date_gmt":"2019-10-24T20:15:02","guid":{"rendered":"https:\/\/rocksrosario.com.ar\/?page_id=14"},"modified":"2026-04-27T14:21:29","modified_gmt":"2026-04-27T17:21:29","slug":"quienes-somos","status":"publish","type":"page","link":"https:\/\/rocksrosario.com.ar\/index.php\/quienes-somos\/","title":{"rendered":"Quienes somos"},"content":{"rendered":"\t\t<div data-elementor-type=\"wp-page\" data-elementor-id=\"14\" class=\"elementor elementor-14\" data-elementor-post-type=\"page\">\n\t\t\t\t\t\t<section class=\"elementor-section elementor-top-section elementor-element elementor-element-674b6e7 elementor-section-full_width elementor-section-height-default elementor-section-height-default\" data-id=\"674b6e7\" data-element_type=\"section\" data-e-type=\"section\">\n\t\t\t\t\t\t<div class=\"elementor-container elementor-column-gap-default\">\n\t\t\t\t\t<div class=\"elementor-column elementor-col-100 elementor-top-column elementor-element elementor-element-c64bc5d\" data-id=\"c64bc5d\" data-element_type=\"column\" data-e-type=\"column\">\n\t\t\t<div class=\"elementor-widget-wrap elementor-element-populated\">\n\t\t\t\t\t\t<div class=\"elementor-element elementor-element-8cd62fe elementor-widget elementor-widget-image\" data-id=\"8cd62fe\" data-element_type=\"widget\" data-e-type=\"widget\" data-widget_type=\"image.default\">\n\t\t\t\t<div class=\"elementor-widget-container\">\n\t\t\t\t\t\t\t\t\t\t\t\t\t\t\t<img decoding=\"async\" src=\"https:\/\/rocksrosario.com.ar\/wp-content\/uploads\/2019\/10\/portada-3.jpg\" title=\"\" alt=\"\" loading=\"lazy\" \/>\t\t\t\t\t\t\t\t\t\t\t\t\t\t\t<\/div>\n\t\t\t\t<\/div>\n\t\t\t\t\t<\/div>\n\t\t<\/div>\n\t\t\t\t\t<\/div>\n\t\t<\/section>\n\t\t\t\t<section class=\"elementor-section elementor-top-section elementor-element elementor-element-ed598eb elementor-section-full_width elementor-section-height-default elementor-section-height-default\" data-id=\"ed598eb\" data-element_type=\"section\" data-e-type=\"section\" data-settings=\"{&quot;background_background&quot;:&quot;classic&quot;}\">\n\t\t\t\t\t\t\t<div class=\"elementor-background-overlay\"><\/div>\n\t\t\t\t\t\t\t<div class=\"elementor-container elementor-column-gap-default\">\n\t\t\t\t\t<div class=\"elementor-column elementor-col-100 elementor-top-column elementor-element elementor-element-dc4b168\" data-id=\"dc4b168\" data-element_type=\"column\" data-e-type=\"column\">\n\t\t\t<div class=\"elementor-widget-wrap elementor-element-populated\">\n\t\t\t\t\t\t<div class=\"elementor-element elementor-element-bcef331 elementor-widget elementor-widget-heading\" data-id=\"bcef331\" data-element_type=\"widget\" data-e-type=\"widget\" data-widget_type=\"heading.default\">\n\t\t\t\t<div class=\"elementor-widget-container\">\n\t\t\t\t\t<h1 class=\"elementor-heading-title elementor-size-xl\">INTEGRANTES<\/h1>\t\t\t\t<\/div>\n\t\t\t\t<\/div>\n\t\t\t\t<div class=\"elementor-element elementor-element-5f52807 elementor-widget elementor-widget-image\" data-id=\"5f52807\" data-element_type=\"widget\" data-e-type=\"widget\" data-settings=\"{&quot;motion_fx_motion_fx_scrolling&quot;:&quot;yes&quot;,&quot;motion_fx_devices&quot;:[&quot;desktop&quot;,&quot;laptop&quot;,&quot;tablet_extra&quot;,&quot;tablet&quot;,&quot;mobile&quot;]}\" data-widget_type=\"image.default\">\n\t\t\t\t<div class=\"elementor-widget-container\">\n\t\t\t\t\t\t\t\t\t\t\t\t\t\t\t<img decoding=\"async\" src=\"https:\/\/rocksrosario.com.ar\/wp-content\/uploads\/2019\/10\/portada-3.jpg\" title=\"\" alt=\"\" loading=\"lazy\" \/>\t\t\t\t\t\t\t\t\t\t\t\t\t\t\t<\/div>\n\t\t\t\t<\/div>\n\t\t\t\t\t<\/div>\n\t\t<\/div>\n\t\t\t\t\t<\/div>\n\t\t<\/section>\n\t\t\t\t<section class=\"elementor-section elementor-top-section elementor-element elementor-element-80af5fd elementor-section-boxed elementor-section-height-default elementor-section-height-default\" data-id=\"80af5fd\" data-element_type=\"section\" data-e-type=\"section\" data-settings=\"{&quot;background_background&quot;:&quot;classic&quot;}\">\n\t\t\t\t\t\t<div class=\"elementor-container elementor-column-gap-wider\">\n\t\t\t\t\t<div class=\"elementor-column elementor-col-33 elementor-top-column elementor-element elementor-element-b96e9f9\" data-id=\"b96e9f9\" data-element_type=\"column\" data-e-type=\"column\" data-settings=\"{&quot;background_background&quot;:&quot;classic&quot;}\">\n\t\t\t<div class=\"elementor-widget-wrap elementor-element-populated\">\n\t\t\t\t\t\t<div class=\"elementor-element elementor-element-036e539 elementor-position-top elementor-widget elementor-widget-image-box\" data-id=\"036e539\" data-element_type=\"widget\" data-e-type=\"widget\" data-widget_type=\"image-box.default\">\n\t\t\t\t<div class=\"elementor-widget-container\">\n\t\t\t\t\t<div class=\"elementor-image-box-wrapper\"><figure class=\"elementor-image-box-img\"><a href=\"https:\/\/ar.linkedin.com\/in\/daniel-slullitel-312b16120\" tabindex=\"-1\"><img fetchpriority=\"high\" decoding=\"async\" width=\"300\" height=\"300\" src=\"https:\/\/rocksrosario.com.ar\/wp-content\/uploads\/2022\/04\/docs-06-01-300x300.png\" class=\"attachment-medium size-medium wp-image-738\" alt=\"\" srcset=\"https:\/\/rocksrosario.com.ar\/wp-content\/uploads\/2022\/04\/docs-06-01-300x300.png 300w, https:\/\/rocksrosario.com.ar\/wp-content\/uploads\/2022\/04\/docs-06-01-1024x1024.png 1024w, https:\/\/rocksrosario.com.ar\/wp-content\/uploads\/2022\/04\/docs-06-01-150x150.png 150w, https:\/\/rocksrosario.com.ar\/wp-content\/uploads\/2022\/04\/docs-06-01-768x768.png 768w, https:\/\/rocksrosario.com.ar\/wp-content\/uploads\/2022\/04\/docs-06-01-1536x1536.png 1536w, https:\/\/rocksrosario.com.ar\/wp-content\/uploads\/2022\/04\/docs-06-01-600x600.png 600w, https:\/\/rocksrosario.com.ar\/wp-content\/uploads\/2022\/04\/docs-06-01.png 1876w\" sizes=\"(max-width: 300px) 100vw, 300px\" \/><\/a><\/figure><div class=\"elementor-image-box-content\"><h3 class=\"elementor-image-box-title\"><a href=\"https:\/\/ar.linkedin.com\/in\/daniel-slullitel-312b16120\">Daniel A. Slullitel<\/a><\/h3><p class=\"elementor-image-box-description\">\u25cf Jefe de servicio de Ortopedia y Traumatologia del Hospital Italiano - Rosario \/ Instituto Dr. Jaime Slullitel \n<\/br>\n\u25cf Director Acad\u00e9mico de la Sociedad Latinoamericana de Artroscopia, Reconstrucci\u00f3n Articular y Trauma Deportivo (SLARD) \n<\/br>\n\u25cf Co Director del Comit\u00e9 de Educacion de la Asociacion Mundial de Artroscopia Rodilla y Deporte (ISAKOS) \n<\/br>\n\u25cf Miembro del Comit\u00e9 Editorial de Orthopaedic Journal of Sport Medicine (OJSM) \n<\/br>\n\u25cf Editor de la Revista Artroscopia - Revista Espa\u00f1ola de Artroscopia \n<\/br>\n\u25cf Ex-presidente Asociaci\u00f3n Argentina de Artroscopia (AAA)<\/p><\/div><\/div>\t\t\t\t<\/div>\n\t\t\t\t<\/div>\n\t\t\t\t\t<\/div>\n\t\t<\/div>\n\t\t\t\t<div class=\"elementor-column elementor-col-33 elementor-top-column elementor-element elementor-element-8cf0ce8\" data-id=\"8cf0ce8\" data-element_type=\"column\" data-e-type=\"column\" data-settings=\"{&quot;background_background&quot;:&quot;classic&quot;}\">\n\t\t\t<div class=\"elementor-widget-wrap elementor-element-populated\">\n\t\t\t\t\t\t<div class=\"elementor-element elementor-element-d516e1c elementor-position-top elementor-widget elementor-widget-image-box\" data-id=\"d516e1c\" data-element_type=\"widget\" data-e-type=\"widget\" data-widget_type=\"image-box.default\">\n\t\t\t\t<div class=\"elementor-widget-container\">\n\t\t\t\t\t<div class=\"elementor-image-box-wrapper\"><figure class=\"elementor-image-box-img\"><a href=\"https:\/\/ar.linkedin.com\/in\/lisandro-nardin-b206a082\" tabindex=\"-1\"><img decoding=\"async\" width=\"300\" height=\"300\" src=\"https:\/\/rocksrosario.com.ar\/wp-content\/uploads\/2025\/01\/nadir-300x300.png\" class=\"attachment-medium size-medium wp-image-1756\" alt=\"\" srcset=\"https:\/\/rocksrosario.com.ar\/wp-content\/uploads\/2025\/01\/nadir-300x300.png 300w, https:\/\/rocksrosario.com.ar\/wp-content\/uploads\/2025\/01\/nadir-1024x1024.png 1024w, https:\/\/rocksrosario.com.ar\/wp-content\/uploads\/2025\/01\/nadir-150x150.png 150w, https:\/\/rocksrosario.com.ar\/wp-content\/uploads\/2025\/01\/nadir-768x768.png 768w, https:\/\/rocksrosario.com.ar\/wp-content\/uploads\/2025\/01\/nadir-1536x1536.png 1536w, https:\/\/rocksrosario.com.ar\/wp-content\/uploads\/2025\/01\/nadir-600x600.png 600w, https:\/\/rocksrosario.com.ar\/wp-content\/uploads\/2025\/01\/nadir.png 1703w\" sizes=\"(max-width: 300px) 100vw, 300px\" \/><\/a><\/figure><div class=\"elementor-image-box-content\"><h3 class=\"elementor-image-box-title\"><a href=\"https:\/\/ar.linkedin.com\/in\/lisandro-nardin-b206a082\">Lisandro Nard\u00edn<\/a><\/h3><p class=\"elementor-image-box-description\">\u25cf Jefe de servicio de ortopedia y traumatologia del Sanatorio Mapaci\n<\/br>\n\u25cf Especialista en lesiones complejas ligamentarias de rodilla, Artroscop\u00eda y Reemplazos articulares\n<\/br>\n\u25cf Vicepresidente de la Asociaci\u00f3n Argentina de Artroscopia (AAA) (2026-2027)\n<\/br>\n\u25cf Miembro de la Sociedad Latinoamericana de Artroscopia, Reconstrucci\u00f3n Articular y Trauma Deportivo (SLARD)\n<\/br>\n\u25cf Miembro activo \u201cInternational Society of Arthoscopy Knee Surgery and Orthopaedic Sport Medicine\u201d ISAKOS<\/p><\/div><\/div>\t\t\t\t<\/div>\n\t\t\t\t<\/div>\n\t\t\t\t\t<\/div>\n\t\t<\/div>\n\t\t\t\t<div class=\"elementor-column elementor-col-33 elementor-top-column elementor-element elementor-element-20ab482\" data-id=\"20ab482\" data-element_type=\"column\" data-e-type=\"column\" data-settings=\"{&quot;background_background&quot;:&quot;classic&quot;}\">\n\t\t\t<div class=\"elementor-widget-wrap elementor-element-populated\">\n\t\t\t\t\t\t<div class=\"elementor-element elementor-element-0b9da65 elementor-position-top elementor-widget elementor-widget-image-box\" data-id=\"0b9da65\" data-element_type=\"widget\" data-e-type=\"widget\" data-widget_type=\"image-box.default\">\n\t\t\t\t<div class=\"elementor-widget-container\">\n\t\t\t\t\t<div class=\"elementor-image-box-wrapper\"><figure class=\"elementor-image-box-img\"><img decoding=\"async\" width=\"300\" height=\"300\" src=\"https:\/\/rocksrosario.com.ar\/wp-content\/uploads\/2022\/04\/docs-07-01-300x300.png\" class=\"attachment-medium size-medium wp-image-739\" alt=\"\" srcset=\"https:\/\/rocksrosario.com.ar\/wp-content\/uploads\/2022\/04\/docs-07-01-300x300.png 300w, https:\/\/rocksrosario.com.ar\/wp-content\/uploads\/2022\/04\/docs-07-01-1024x1024.png 1024w, https:\/\/rocksrosario.com.ar\/wp-content\/uploads\/2022\/04\/docs-07-01-150x150.png 150w, https:\/\/rocksrosario.com.ar\/wp-content\/uploads\/2022\/04\/docs-07-01-768x768.png 768w, https:\/\/rocksrosario.com.ar\/wp-content\/uploads\/2022\/04\/docs-07-01-1536x1536.png 1536w, https:\/\/rocksrosario.com.ar\/wp-content\/uploads\/2022\/04\/docs-07-01-600x600.png 600w, https:\/\/rocksrosario.com.ar\/wp-content\/uploads\/2022\/04\/docs-07-01.png 1876w\" sizes=\"(max-width: 300px) 100vw, 300px\" \/><\/figure><div class=\"elementor-image-box-content\"><h3 class=\"elementor-image-box-title\">Gustavo Benitez Gil<\/h3><p class=\"elementor-image-box-description\">\u25cf Cirujano artroscopista staff de COT- Rosario y Grupo Gamma.\n<\/br>\n\u25cf Especialista en lesiones complejas ligamentarias de rodilla y hombro.\n<\/br>\n\u25cf  \u2060Miembro de Comisi\u00f3n Directiva de AAA (Asociaci\u00f3n Argentina de Artroscopia).\n<\/br>\n\u25cf Instructor en Cirug\u00eda Artrosc\u00f3pica AAA.\n<\/br>\n\u25cf  \u2060Director de programa de Fellowship de Artroscopia  de UNR - Grupo Gamma.\n<\/br>\n\u25cf Miembro titular de la Asociaci\u00f3n Argentina de Artroscopia - AAA.\n<\/br>\n\u25cf Miembro titular y ex secretario general de la Asociaci\u00f3n Rosarina de Ortopedia y Traumatologia - AROT<\/p><\/div><\/div>\t\t\t\t<\/div>\n\t\t\t\t<\/div>\n\t\t\t\t\t<\/div>\n\t\t<\/div>\n\t\t\t\t\t<\/div>\n\t\t<\/section>\n\t\t\t\t<section class=\"elementor-section elementor-top-section elementor-element elementor-element-af50dcb elementor-section-boxed elementor-section-height-default elementor-section-height-default\" data-id=\"af50dcb\" data-element_type=\"section\" data-e-type=\"section\" data-settings=\"{&quot;background_background&quot;:&quot;classic&quot;}\">\n\t\t\t\t\t\t<div class=\"elementor-container elementor-column-gap-wider\">\n\t\t\t\t\t<div class=\"elementor-column elementor-col-33 elementor-top-column elementor-element elementor-element-d023bf6\" data-id=\"d023bf6\" data-element_type=\"column\" data-e-type=\"column\" data-settings=\"{&quot;background_background&quot;:&quot;classic&quot;}\">\n\t\t\t<div class=\"elementor-widget-wrap elementor-element-populated\">\n\t\t\t\t\t\t<div class=\"elementor-element elementor-element-f5f0eca elementor-position-top elementor-widget elementor-widget-image-box\" data-id=\"f5f0eca\" data-element_type=\"widget\" data-e-type=\"widget\" data-widget_type=\"image-box.default\">\n\t\t\t\t<div class=\"elementor-widget-container\">\n\t\t\t\t\t<div class=\"elementor-image-box-wrapper\"><figure class=\"elementor-image-box-img\"><a href=\"https:\/\/ar.linkedin.com\/in\/diego-albertengo-a121536b\" tabindex=\"-1\"><img loading=\"lazy\" decoding=\"async\" width=\"300\" height=\"300\" src=\"https:\/\/rocksrosario.com.ar\/wp-content\/uploads\/2022\/04\/docs-03-01-300x300.png\" class=\"attachment-medium size-medium wp-image-735\" alt=\"\" srcset=\"https:\/\/rocksrosario.com.ar\/wp-content\/uploads\/2022\/04\/docs-03-01-300x300.png 300w, https:\/\/rocksrosario.com.ar\/wp-content\/uploads\/2022\/04\/docs-03-01-1024x1024.png 1024w, https:\/\/rocksrosario.com.ar\/wp-content\/uploads\/2022\/04\/docs-03-01-150x150.png 150w, https:\/\/rocksrosario.com.ar\/wp-content\/uploads\/2022\/04\/docs-03-01-768x768.png 768w, https:\/\/rocksrosario.com.ar\/wp-content\/uploads\/2022\/04\/docs-03-01-1536x1536.png 1536w, https:\/\/rocksrosario.com.ar\/wp-content\/uploads\/2022\/04\/docs-03-01-600x600.png 600w, https:\/\/rocksrosario.com.ar\/wp-content\/uploads\/2022\/04\/docs-03-01.png 1876w\" sizes=\"(max-width: 300px) 100vw, 300px\" \/><\/a><\/figure><div class=\"elementor-image-box-content\"><h3 class=\"elementor-image-box-title\"><a href=\"https:\/\/ar.linkedin.com\/in\/diego-albertengo-a121536b\">Diego Albertengo<\/a><\/h3><p class=\"elementor-image-box-description\">\u25cf Jefe del servicio de Hombro del Sanatorio Mapaci de Rosario\n<\/br>\n\u25cf Especialista en cirug\u00eda artrosc\u00f3pica, reconstructiva y reemplazos articulares de hombro\n<\/br>\n\u25cf Miembro titular de la Asociaci\u00f3n Argentina de Artroscop\u00eda (AAA)\n<\/br>\n\u25cf Director del comit\u00e9 del interior de la Asociaci\u00f3n Argentina de Artroscop\u00eda (AAA) 2020-2022<\/p><\/div><\/div>\t\t\t\t<\/div>\n\t\t\t\t<\/div>\n\t\t\t\t\t<\/div>\n\t\t<\/div>\n\t\t\t\t<div class=\"elementor-column elementor-col-33 elementor-top-column elementor-element elementor-element-60170b7\" data-id=\"60170b7\" data-element_type=\"column\" data-e-type=\"column\" data-settings=\"{&quot;background_background&quot;:&quot;classic&quot;}\">\n\t\t\t<div class=\"elementor-widget-wrap elementor-element-populated\">\n\t\t\t\t\t\t<div class=\"elementor-element elementor-element-5ab3679 elementor-position-top elementor-widget elementor-widget-image-box\" data-id=\"5ab3679\" data-element_type=\"widget\" data-e-type=\"widget\" data-widget_type=\"image-box.default\">\n\t\t\t\t<div class=\"elementor-widget-container\">\n\t\t\t\t\t<div class=\"elementor-image-box-wrapper\"><figure class=\"elementor-image-box-img\"><img loading=\"lazy\" decoding=\"async\" width=\"300\" height=\"300\" src=\"https:\/\/rocksrosario.com.ar\/wp-content\/uploads\/2022\/04\/docs-05-01-300x300.png\" class=\"attachment-medium size-medium wp-image-737\" alt=\"\" srcset=\"https:\/\/rocksrosario.com.ar\/wp-content\/uploads\/2022\/04\/docs-05-01-300x300.png 300w, https:\/\/rocksrosario.com.ar\/wp-content\/uploads\/2022\/04\/docs-05-01-1024x1024.png 1024w, https:\/\/rocksrosario.com.ar\/wp-content\/uploads\/2022\/04\/docs-05-01-150x150.png 150w, https:\/\/rocksrosario.com.ar\/wp-content\/uploads\/2022\/04\/docs-05-01-768x768.png 768w, https:\/\/rocksrosario.com.ar\/wp-content\/uploads\/2022\/04\/docs-05-01-1536x1536.png 1536w, https:\/\/rocksrosario.com.ar\/wp-content\/uploads\/2022\/04\/docs-05-01-600x600.png 600w, https:\/\/rocksrosario.com.ar\/wp-content\/uploads\/2022\/04\/docs-05-01.png 1876w\" sizes=\"(max-width: 300px) 100vw, 300px\" \/><\/figure><div class=\"elementor-image-box-content\"><h3 class=\"elementor-image-box-title\">Sebastian Malier<\/h3><p class=\"elementor-image-box-description\">\u25cf Especialista de cirug\u00eda artrosc\u00f3pica de rodilla en el Instituto Dr. Jaime Slullitel y Hospital Italiano Garibaldi de Rosario\n<\/br>\n\u25cf Miembro Titular de la Asociaci\u00f3n Argentina de Artroscop\u00eda (AAA)\n<\/br>\n\u25cf Miembro Acreditado de la Asociaci\u00f3n Argentina de Ortopedia y Traumatolog\u00eda (AAOT)\n<\/br>\n\u25cf Miembro de la Asociaci\u00f3n Rosarina de Ortopedia y Traumatologia (AROT)\n<\/br>\n\u25cf Colaborador en el Curso de iniciaci\u00f3n de la Asociaci\u00f3n Argentina de Artroscopia (AAA)<\/p><\/div><\/div>\t\t\t\t<\/div>\n\t\t\t\t<\/div>\n\t\t\t\t\t<\/div>\n\t\t<\/div>\n\t\t\t\t<div class=\"elementor-column elementor-col-33 elementor-top-column elementor-element elementor-element-8cf610e\" data-id=\"8cf610e\" data-element_type=\"column\" data-e-type=\"column\" data-settings=\"{&quot;background_background&quot;:&quot;classic&quot;}\">\n\t\t\t<div class=\"elementor-widget-wrap elementor-element-populated\">\n\t\t\t\t\t\t<div class=\"elementor-element elementor-element-0dfcf83 elementor-position-top elementor-widget elementor-widget-image-box\" data-id=\"0dfcf83\" data-element_type=\"widget\" data-e-type=\"widget\" data-widget_type=\"image-box.default\">\n\t\t\t\t<div class=\"elementor-widget-container\">\n\t\t\t\t\t<div class=\"elementor-image-box-wrapper\"><figure class=\"elementor-image-box-img\"><a href=\"https:\/\/ar.linkedin.com\/in\/franco-della-vedova-74781377\" tabindex=\"-1\"><img loading=\"lazy\" decoding=\"async\" width=\"300\" height=\"300\" src=\"https:\/\/rocksrosario.com.ar\/wp-content\/uploads\/2022\/04\/docs-04-01-300x300.png\" class=\"attachment-medium size-medium wp-image-736\" alt=\"\" srcset=\"https:\/\/rocksrosario.com.ar\/wp-content\/uploads\/2022\/04\/docs-04-01-300x300.png 300w, https:\/\/rocksrosario.com.ar\/wp-content\/uploads\/2022\/04\/docs-04-01-1024x1024.png 1024w, https:\/\/rocksrosario.com.ar\/wp-content\/uploads\/2022\/04\/docs-04-01-150x150.png 150w, https:\/\/rocksrosario.com.ar\/wp-content\/uploads\/2022\/04\/docs-04-01-768x768.png 768w, https:\/\/rocksrosario.com.ar\/wp-content\/uploads\/2022\/04\/docs-04-01-1536x1536.png 1536w, https:\/\/rocksrosario.com.ar\/wp-content\/uploads\/2022\/04\/docs-04-01-600x600.png 600w, https:\/\/rocksrosario.com.ar\/wp-content\/uploads\/2022\/04\/docs-04-01.png 1876w\" sizes=\"(max-width: 300px) 100vw, 300px\" \/><\/a><\/figure><div class=\"elementor-image-box-content\"><h3 class=\"elementor-image-box-title\"><a href=\"https:\/\/ar.linkedin.com\/in\/franco-della-vedova-74781377\">Franco Della Vedova<\/a><\/h3><p class=\"elementor-image-box-description\">\u25cf Staff del Instituto Dr. Jaime Slullitel \u2013 Hospital Italiano Rosario. Unidad de Artroscop\u00eda y Traumatolog\u00eda del Deporte. \n<\/br>\n\u25cf Director del servicio de Terapias Orthobiologicas del Instituto Dr. Jaime Slullitel - Hospital Italiano Rosario \n<\/br>\n\u25cf Presidente de Asociacion de Terapias Orthopedicas Biol\u00f3gicas de Argentina ATOBA (2026-2027)\n<\/br>\n\u25cf Director Cient\u00edfico de la Asociaci\u00f3n Argentina de Traumatolog\u00eda del Deporte (AATD) \n<\/br>\n\u25cf Miembro del los comit\u00e9s de Sports Medicine y Orthobiologics in Orthopedic de ISAKOS  ( International Society of Arthoscopy Knee Surgery and Orthopaedic Sport Medicine) \n<\/br>\n\u25cf Director del comit\u00e9 de terapias Orthobiologicas de la Sociedad Latinoamericana de Artroscopia, Reconstrucci\u00f3n Articular y Trauma Deportivo (SLARD) \n<\/br>\n\u25cf Miembro Acreditado de la Asociaci\u00f3n Argentina de Artroscop\u00eda (AAA) \n<\/br>\n\u25cf Miembro titular de la Asociaci\u00f3n Rosarina de Ortopedia y Traumatologia - AROT \n<\/br>\n\u25cf Director m\u00e9dico de la Union de Rugby de Rosario, educador m\u00e9dico de World Rugby y staff m\u00e9dico de la Uni\u00f3n Argentina de Rugby.<\/p><\/div><\/div>\t\t\t\t<\/div>\n\t\t\t\t<\/div>\n\t\t\t\t\t<\/div>\n\t\t<\/div>\n\t\t\t\t\t<\/div>\n\t\t<\/section>\n\t\t\t\t<\/div>\n\t\t","protected":false},"excerpt":{"rendered":"<p>INTEGRANTES Daniel A. Slullitel \u25cf Jefe de servicio de Ortopedia y Traumatologia del Hospital Italiano &#8211; Rosario \/ Instituto Dr. Jaime Slullitel \u25cf Director Acad\u00e9mico de la Sociedad Latinoamericana de Artroscopia, Reconstrucci\u00f3n Articular y Trauma Deportivo (SLARD) \u25cf Co Director del Comit\u00e9 de Educacion de la Asociacion Mundial de Artroscopia Rodilla y Deporte (ISAKOS) \u25cf&hellip;&nbsp;<a href=\"https:\/\/rocksrosario.com.ar\/index.php\/quienes-somos\/\" rel=\"bookmark\">Leer m\u00e1s &raquo;<span class=\"screen-reader-text\">Quienes somos<\/span><\/a><\/p>\n","protected":false},"author":2,"featured_media":0,"parent":0,"menu_order":0,"comment_status":"closed","ping_status":"closed","template":"","meta":{"neve_meta_sidebar":"full-width","neve_meta_container":"default","neve_meta_enable_content_width":"on","neve_meta_content_width":100,"neve_meta_title_alignment":"","neve_meta_author_avatar":"","neve_post_elements_order":"","neve_meta_disable_header":"off","neve_meta_disable_footer":"off","neve_meta_disable_title":"off","footnotes":""},"folder":[],"class_list":["post-14","page","type-page","status-publish","hentry"],"_links":{"self":[{"href":"https:\/\/rocksrosario.com.ar\/index.php\/wp-json\/wp\/v2\/pages\/14","targetHints":{"allow":["GET"]}}],"collection":[{"href":"https:\/\/rocksrosario.com.ar\/index.php\/wp-json\/wp\/v2\/pages"}],"about":[{"href":"https:\/\/rocksrosario.com.ar\/index.php\/wp-json\/wp\/v2\/types\/page"}],"author":[{"embeddable":true,"href":"https:\/\/rocksrosario.com.ar\/index.php\/wp-json\/wp\/v2\/users\/2"}],"replies":[{"embeddable":true,"href":"https:\/\/rocksrosario.com.ar\/index.php\/wp-json\/wp\/v2\/comments?post=14"}],"version-history":[{"count":76,"href":"https:\/\/rocksrosario.com.ar\/index.php\/wp-json\/wp\/v2\/pages\/14\/revisions"}],"predecessor-version":[{"id":1948,"href":"https:\/\/rocksrosario.com.ar\/index.php\/wp-json\/wp\/v2\/pages\/14\/revisions\/1948"}],"wp:attachment":[{"href":"https:\/\/rocksrosario.com.ar\/index.php\/wp-json\/wp\/v2\/media?parent=14"}],"wp:term":[{"taxonomy":"folder","embeddable":true,"href":"https:\/\/rocksrosario.com.ar\/index.php\/wp-json\/wp\/v2\/folder?post=14"}],"curies":[{"name":"wp","href":"https:\/\/api.w.org\/{rel}","templated":true}]}}