{"id":20,"date":"2019-10-24T20:15:40","date_gmt":"2019-10-24T20:15:40","guid":{"rendered":"https:\/\/rocksrosario.com.ar\/?page_id=20"},"modified":"2022-02-09T17:17:15","modified_gmt":"2022-02-09T17:17:15","slug":"contacto","status":"publish","type":"page","link":"https:\/\/rocksrosario.com.ar\/index.php\/contacto\/","title":{"rendered":"Contacto"},"content":{"rendered":"\t\t<div data-elementor-type=\"wp-page\" data-elementor-id=\"20\" class=\"elementor elementor-20\" data-elementor-post-type=\"page\">\n\t\t\t\t\t\t<section class=\"elementor-section elementor-top-section elementor-element elementor-element-14fab33 elementor-section-full_width elementor-section-height-default elementor-section-height-default\" data-id=\"14fab33\" data-element_type=\"section\" data-e-type=\"section\">\n\t\t\t\t\t\t<div class=\"elementor-container elementor-column-gap-default\">\n\t\t\t\t\t<div class=\"elementor-column elementor-col-100 elementor-top-column elementor-element elementor-element-4e4d418\" data-id=\"4e4d418\" data-element_type=\"column\" data-e-type=\"column\">\n\t\t\t<div class=\"elementor-widget-wrap elementor-element-populated\">\n\t\t\t\t\t\t<div class=\"elementor-element elementor-element-9ef4b18 elementor-widget elementor-widget-image\" data-id=\"9ef4b18\" data-element_type=\"widget\" data-e-type=\"widget\" data-widget_type=\"image.default\">\n\t\t\t\t<div class=\"elementor-widget-container\">\n\t\t\t\t\t\t\t\t\t\t\t\t\t\t\t<img decoding=\"async\" src=\"https:\/\/rocksrosario.com.ar\/wp-content\/uploads\/2019\/10\/portada-2.png\" title=\"\" alt=\"\" loading=\"lazy\" \/>\t\t\t\t\t\t\t\t\t\t\t\t\t\t\t<\/div>\n\t\t\t\t<\/div>\n\t\t\t\t\t<\/div>\n\t\t<\/div>\n\t\t\t\t\t<\/div>\n\t\t<\/section>\n\t\t\t\t<section class=\"elementor-section elementor-top-section elementor-element elementor-element-0a4a98c elementor-section-boxed elementor-section-height-default elementor-section-height-default\" data-id=\"0a4a98c\" data-element_type=\"section\" data-e-type=\"section\">\n\t\t\t\t\t\t<div class=\"elementor-container elementor-column-gap-default\">\n\t\t\t\t\t<div class=\"elementor-column elementor-col-100 elementor-top-column elementor-element elementor-element-a2f4c19\" data-id=\"a2f4c19\" data-element_type=\"column\" data-e-type=\"column\">\n\t\t\t<div class=\"elementor-widget-wrap elementor-element-populated\">\n\t\t\t\t\t\t<div class=\"elementor-element elementor-element-ba23842 elementor-widget elementor-widget-heading\" data-id=\"ba23842\" data-element_type=\"widget\" data-e-type=\"widget\" data-widget_type=\"heading.default\">\n\t\t\t\t<div class=\"elementor-widget-container\">\n\t\t\t\t\t<h1 class=\"elementor-heading-title elementor-size-large\">CONTACTO<\/h1>\t\t\t\t<\/div>\n\t\t\t\t<\/div>\n\t\t\t\t<div class=\"elementor-element elementor-element-3d42804 elementor-widget elementor-widget-text-editor\" data-id=\"3d42804\" data-element_type=\"widget\" data-e-type=\"widget\" data-widget_type=\"text-editor.default\">\n\t\t\t\t<div class=\"elementor-widget-container\">\n\t\t\t\t\t\t\t\t\t<p><b>Rosario complex knee &amp; shoulder<\/b> nace en 2016 luego de haber finalizado el segundo curso<br \/>\u00a0de cirug\u00edas en vivo organizado por un grupo de cirujanos artroscopistas de la ciudad de<br \/>\u00a0Rosario en conjunto con la Asociaci\u00f3n Argentina de Artroscop\u00eda.<\/p><p><b>ROCKS<\/b> est\u00e1 formado por los referentes en la <b>cirug\u00eda artrosc\u00f3pica<\/b> de los principales servicios<br \/>\u00a0y sanatorios de la ciudad de Rosario, siendo la educaci\u00f3n m\u00e9dica y la difusi\u00f3n de la<br \/>\u00a0excelencia en la cirug\u00eda artrosc\u00f3pica su principal objetivo.<\/p>\t\t\t\t\t\t\t\t<\/div>\n\t\t\t\t<\/div>\n\t\t\t\t\t<\/div>\n\t\t<\/div>\n\t\t\t\t\t<\/div>\n\t\t<\/section>\n\t\t\t\t<\/div>\n\t\t","protected":false},"excerpt":{"rendered":"<p>CONTACTO Rosario complex knee &amp; shoulder nace en 2016 luego de haber finalizado el segundo curso\u00a0de cirug\u00edas en vivo organizado por un grupo de cirujanos artroscopistas de la ciudad de\u00a0Rosario en conjunto con la Asociaci\u00f3n Argentina de Artroscop\u00eda. ROCKS est\u00e1 formado por los referentes en la cirug\u00eda artrosc\u00f3pica de los principales servicios\u00a0y sanatorios de la&hellip;&nbsp;<a href=\"https:\/\/rocksrosario.com.ar\/index.php\/contacto\/\" rel=\"bookmark\">Leer m\u00e1s &raquo;<span class=\"screen-reader-text\">Contacto<\/span><\/a><\/p>\n","protected":false},"author":2,"featured_media":0,"parent":0,"menu_order":0,"comment_status":"closed","ping_status":"closed","template":"page-templates\/template-pagebuilder-full-width.php","meta":{"neve_meta_sidebar":"full-width","neve_meta_container":"default","neve_meta_enable_content_width":"on","neve_meta_content_width":100,"neve_meta_title_alignment":"","neve_meta_author_avatar":"","neve_post_elements_order":"","neve_meta_disable_header":"off","neve_meta_disable_footer":"off","neve_meta_disable_title":"off","footnotes":""},"folder":[],"class_list":["post-20","page","type-page","status-publish","hentry"],"_links":{"self":[{"href":"https:\/\/rocksrosario.com.ar\/index.php\/wp-json\/wp\/v2\/pages\/20","targetHints":{"allow":["GET"]}}],"collection":[{"href":"https:\/\/rocksrosario.com.ar\/index.php\/wp-json\/wp\/v2\/pages"}],"about":[{"href":"https:\/\/rocksrosario.com.ar\/index.php\/wp-json\/wp\/v2\/types\/page"}],"author":[{"embeddable":true,"href":"https:\/\/rocksrosario.com.ar\/index.php\/wp-json\/wp\/v2\/users\/2"}],"replies":[{"embeddable":true,"href":"https:\/\/rocksrosario.com.ar\/index.php\/wp-json\/wp\/v2\/comments?post=20"}],"version-history":[{"count":17,"href":"https:\/\/rocksrosario.com.ar\/index.php\/wp-json\/wp\/v2\/pages\/20\/revisions"}],"predecessor-version":[{"id":580,"href":"https:\/\/rocksrosario.com.ar\/index.php\/wp-json\/wp\/v2\/pages\/20\/revisions\/580"}],"wp:attachment":[{"href":"https:\/\/rocksrosario.com.ar\/index.php\/wp-json\/wp\/v2\/media?parent=20"}],"wp:term":[{"taxonomy":"folder","embeddable":true,"href":"https:\/\/rocksrosario.com.ar\/index.php\/wp-json\/wp\/v2\/folder?post=20"}],"curies":[{"name":"wp","href":"https:\/\/api.w.org\/{rel}","templated":true}]}}